{"id":2414,"date":"2023-02-14T19:50:51","date_gmt":"2023-02-14T18:50:51","guid":{"rendered":"http:\/\/pierresvivantes.be\/?page_id=2414"},"modified":"2023-10-25T18:35:52","modified_gmt":"2023-10-25T16:35:52","slug":"my-home-page","status":"publish","type":"page","link":"https:\/\/pierresvivantes.be\/","title":{"rendered":"Accueil"},"content":{"rendered":"<p>[vc_row row_content_display=&#8221;in_grid&#8221; row_content_display_align=&#8221;left&#8221; row_type=&#8221;row&#8221; stretch_row_type=&#8221;yes&#8221; css=&#8221;.vc_custom_1678941161499{margin-top: -70px !important;border-top-width: 0px !important;padding-top: 0px !important;}&#8221;][vc_column][vc_column_text]<\/p>\n<p style=\"text-align: right;\"><em>&#8220;Faces of Brussels&#8221; de Christine Rogge<\/em><\/p>\n<p>[\/vc_column_text][\/vc_column][\/vc_row][vc_row row_content_display=&#8221;in_grid&#8221; row_content_display_align=&#8221;left&#8221; row_type=&#8221;row&#8221; stretch_row_type=&#8221;yes&#8221;][vc_column][vc_cta h2=&#8221;L&#8217;\u00c9glise, pas des <i>briques<\/i> mais des <i>gens<\/i>&#8220;]\u00ab Pierres Vivantes \u00bb, ce sont des gens de tous horizons de vie qui veulent marcher dans les pas de J\u00e9sus-Christ et former de petites \u00c9glises simples et authentiques ensemble et partout o\u00f9 d&#8217;autres personnes d\u00e9cident de le suivre. Ces \u00ab \u00c9glises de maison \u00bb se rassemblent chaque semaine chez des particuliers et s\u2019associent les unes aux autres pour constituer une communaut\u00e9 plus large : un r\u00e9seau d\u2019\u00c9glises de maison. Chaque premier dimanche du mois, tout le r\u00e9seau se rassemble pour une c\u00e9l\u00e9bration commune.<\/p>\n<p>Pour en savoir plus :<\/p>\n<ul>\n<li>Lisez <a href=\"http:\/\/pierresvivantes.be\/wp-content\/uploads\/2023\/03\/charte-des-Eglises-de-maison.pdf\">la charte de nos \u00c9glises de maison<\/a><\/li>\n<li>\u00c9coutez le podcast <em><a href=\"https:\/\/linktr.ee\/tous.implanteurs\">Tous implanteurs d&#8217;\u00c9glises<\/a><\/em><\/li>\n<li>Contactez-nous via <a href=\"mailto:info@pierresvivantes.be\">info@pierresvivantes.be<\/a><\/li>\n<\/ul>\n<p>[\/vc_cta][vc_cta h2=&#8221;Agenda&#8221;]<\/p>\n<div style=\"margin-left: 10px;\">\n<p>Infos : <a href=\"mailto:info@pierresvivantes.be\">info@pierresvivantes.be<\/a><\/p>\n<hr \/>\n<h4 style=\"color: #2071c4; padding: 0px; margin: 0px;\">Culte de r\u00e9seau<\/h4>\n<p><em>dimanche 29 octobre (10h00 &#8211; 13h30)<\/em><\/p>\n<p>Lieu : chez Jon et Sam.<\/p>\n<hr \/>\n<h4 style=\"color: #2071c4; padding: 0px; margin: 0px;\">Culte de r\u00e9seau<\/h4>\n<p><em>dimanche 12 novembre (10h00 &#8211; 13h30)<\/em><\/p>\n<p>Lieu : la Verri\u00e8re (derri\u00e8re le concept store MIEU situ\u00e9 au 352 rue du noyer \u00e0 1030 Bruxelles)<\/p>\n<hr \/>\n<h4 style=\"color: #2071c4; padding: 0px; margin: 0px;\">Culte de r\u00e9seau<\/h4>\n<p><em>dimanche 26 novembre (10h00 &#8211; 13h30)<\/em><\/p>\n<p>Lieu \u00e0 d\u00e9terminer.<\/p>\n<hr \/>\n<h4 style=\"color: #2071c4; padding: 0px; margin: 0px;\">Culte de No\u00ebl en commun avec d&#8217;autres \u00e9glises<\/h4>\n<p><em>dimanche 3 d\u00e9cembre (10h00 &#8211; 13h30)<\/em><\/p>\n<p>Lieu \u00e0 d\u00e9terminer.<\/p>\n<hr \/>\n<h4 style=\"color: #2071c4; padding: 0px; margin: 0px;\">Culte de r\u00e9seau<\/h4>\n<p><em>dimanche 17 d\u00e9cembre (10h00 &#8211; 13h30)<\/em><\/p>\n<p>Lieu \u00e0 d\u00e9terminer.<\/p>\n<\/div>\n<p>[\/vc_cta][\/vc_column][\/vc_row][vc_row row_content_display=&#8221;in_grid&#8221; row_content_display_align=&#8221;left&#8221; row_type=&#8221;row&#8221; stretch_row_type=&#8221;yes&#8221;][vc_column][\/vc_column][\/vc_row]<\/p>\n","protected":false},"excerpt":{"rendered":"<p>[vc_row row_content_display=&#8221;in_grid&#8221; row_content_display_align=&#8221;left&#8221; row_type=&#8221;row&#8221; stretch_row_type=&#8221;yes&#8221; css=&#8221;.vc_custom_1678941161499{margin-top: -70px !important;border-top-width: 0px !important;padding-top: 0px !important;}&#8221;][vc_column][vc_column_text] &#8220;Faces of Brussels&#8221; de Christine Rogge [\/vc_column_text][\/vc_column][\/vc_row][vc_row row_content_display=&#8221;in_grid&#8221; row_content_display_align=&#8221;left&#8221; row_type=&#8221;row&#8221; stretch_row_type=&#8221;yes&#8221;][vc_column][vc_cta h2=&#8221;L&#8217;\u00c9glise, pas des briques mais des gens&#8220;]\u00ab [&hellip;]<\/p>\n","protected":false},"author":1,"featured_media":0,"parent":0,"menu_order":0,"comment_status":"closed","ping_status":"closed","template":"","meta":{"_bbp_topic_count":0,"_bbp_reply_count":0,"_bbp_total_topic_count":0,"_bbp_total_reply_count":0,"_bbp_voice_count":0,"_bbp_anonymous_reply_count":0,"_bbp_topic_count_hidden":0,"_bbp_reply_count_hidden":0,"_bbp_forum_subforum_count":0,"footnotes":""},"class_list":["post-2414","page","type-page","status-publish","hentry"],"_links":{"self":[{"href":"https:\/\/pierresvivantes.be\/index.php\/wp-json\/wp\/v2\/pages\/2414","targetHints":{"allow":["GET"]}}],"collection":[{"href":"https:\/\/pierresvivantes.be\/index.php\/wp-json\/wp\/v2\/pages"}],"about":[{"href":"https:\/\/pierresvivantes.be\/index.php\/wp-json\/wp\/v2\/types\/page"}],"author":[{"embeddable":true,"href":"https:\/\/pierresvivantes.be\/index.php\/wp-json\/wp\/v2\/users\/1"}],"replies":[{"embeddable":true,"href":"https:\/\/pierresvivantes.be\/index.php\/wp-json\/wp\/v2\/comments?post=2414"}],"version-history":[{"count":64,"href":"https:\/\/pierresvivantes.be\/index.php\/wp-json\/wp\/v2\/pages\/2414\/revisions"}],"predecessor-version":[{"id":2596,"href":"https:\/\/pierresvivantes.be\/index.php\/wp-json\/wp\/v2\/pages\/2414\/revisions\/2596"}],"wp:attachment":[{"href":"https:\/\/pierresvivantes.be\/index.php\/wp-json\/wp\/v2\/media?parent=2414"}],"curies":[{"name":"wp","href":"https:\/\/api.w.org\/{rel}","templated":true}]}}